{"id":93,"date":"2020-07-13T15:46:41","date_gmt":"2020-07-13T13:46:41","guid":{"rendered":"http:\/\/nouvellestraces.com\/?page_id=93"},"modified":"2025-09-13T02:34:19","modified_gmt":"2025-09-13T00:34:19","slug":"ateliers-dartistes","status":"publish","type":"page","link":"https:\/\/nouvellestraces.com\/index.php\/prestations\/ateliers-dartistes\/","title":{"rendered":"Ateliers d&rsquo;artistes"},"content":{"rendered":"\t\t<div data-elementor-type=\"wp-page\" data-elementor-id=\"93\" class=\"elementor elementor-93\">\n\t\t\t\t\t\t\t\t\t<section class=\"elementor-section elementor-top-section elementor-element elementor-element-339f3361 elementor-section-boxed elementor-section-height-default elementor-section-height-default\" data-id=\"339f3361\" data-element_type=\"section\">\n\t\t\t\t\t\t<div class=\"elementor-container elementor-column-gap-default\">\n\t\t\t\t\t<div class=\"elementor-column elementor-col-100 elementor-top-column elementor-element elementor-element-70b706c9\" data-id=\"70b706c9\" data-element_type=\"column\">\n\t\t\t<div class=\"elementor-widget-wrap elementor-element-populated\">\n\t\t\t\t\t\t\t\t<section class=\"elementor-section elementor-inner-section elementor-element elementor-element-df416aa elementor-section-boxed elementor-section-height-default elementor-section-height-default\" data-id=\"df416aa\" data-element_type=\"section\">\n\t\t\t\t\t\t<div class=\"elementor-container elementor-column-gap-default\">\n\t\t\t\t\t<div class=\"elementor-column elementor-col-50 elementor-inner-column elementor-element elementor-element-ec891af\" data-id=\"ec891af\" data-element_type=\"column\">\n\t\t\t<div class=\"elementor-widget-wrap elementor-element-populated\">\n\t\t\t\t\t\t\t\t<div class=\"elementor-element elementor-element-cd016d1 elementor-widget elementor-widget-text-editor\" data-id=\"cd016d1\" data-element_type=\"widget\" data-widget_type=\"text-editor.default\">\n\t\t\t\t<div class=\"elementor-widget-container\">\n\t\t\t\t\t\t\t<p>Cinq artistes de l&rsquo;association<br \/>proposent leurs cr\u00e9ations et <br \/>vous invitent \u00e0 d\u00e9couvrir leur <br \/>univers.<\/p>\n<p><!-- \/wp:columns --><\/p>\t\t\t\t\t\t<\/div>\n\t\t\t\t<\/div>\n\t\t\t\t\t<\/div>\n\t\t<\/div>\n\t\t\t\t<div class=\"elementor-column elementor-col-50 elementor-inner-column elementor-element elementor-element-59573bc\" data-id=\"59573bc\" data-element_type=\"column\">\n\t\t\t<div class=\"elementor-widget-wrap elementor-element-populated\">\n\t\t\t\t\t\t\t\t<div class=\"elementor-element elementor-element-0b1d12b elementor-widget elementor-widget-text-editor\" data-id=\"0b1d12b\" data-element_type=\"widget\" data-widget_type=\"text-editor.default\">\n\t\t\t\t<div class=\"elementor-widget-container\">\n\t\t\t\t\t\t\t<h2>EX\u00a0 POSITION<\/h2>\n<h2>INSTAL\u00a0 LATION<\/h2>\t\t\t\t\t\t<\/div>\n\t\t\t\t<\/div>\n\t\t\t\t\t<\/div>\n\t\t<\/div>\n\t\t\t\t\t\t\t<\/div>\n\t\t<\/section>\n\t\t\t\t<section class=\"elementor-section elementor-inner-section elementor-element elementor-element-b98e144 elementor-section-boxed elementor-section-height-default elementor-section-height-default\" data-id=\"b98e144\" data-element_type=\"section\">\n\t\t\t\t\t\t<div class=\"elementor-container elementor-column-gap-default\">\n\t\t\t\t\t<div class=\"elementor-column elementor-col-50 elementor-inner-column elementor-element elementor-element-c40d12a\" data-id=\"c40d12a\" data-element_type=\"column\">\n\t\t\t<div class=\"elementor-widget-wrap elementor-element-populated\">\n\t\t\t\t\t\t\t\t<div class=\"elementor-element elementor-element-c49b1fe elementor-widget elementor-widget-text-editor\" data-id=\"c49b1fe\" data-element_type=\"widget\" data-widget_type=\"text-editor.default\">\n\t\t\t\t<div class=\"elementor-widget-container\">\n\t\t\t\t\t\t\t<h2 style=\"text-align: center;\">VI\u00a0 SITE\u00a0 \u00a0D&rsquo;ATE LIER<\/h2>\t\t\t\t\t\t<\/div>\n\t\t\t\t<\/div>\n\t\t\t\t<div class=\"elementor-element elementor-element-f6ff8e5 elementor-widget elementor-widget-text-editor\" data-id=\"f6ff8e5\" data-element_type=\"widget\" data-widget_type=\"text-editor.default\">\n\t\t\t\t<div class=\"elementor-widget-container\">\n\t\t\t\t\t\t\t<h2 style=\"text-align: left;\">ATE LIER\u00a0 CR\u00c9 AT IF<\/h2>\t\t\t\t\t\t<\/div>\n\t\t\t\t<\/div>\n\t\t\t\t\t<\/div>\n\t\t<\/div>\n\t\t\t\t<div class=\"elementor-column elementor-col-50 elementor-inner-column elementor-element elementor-element-9c4fe82\" data-id=\"9c4fe82\" data-element_type=\"column\">\n\t\t\t<div class=\"elementor-widget-wrap elementor-element-populated\">\n\t\t\t\t\t\t\t\t<div class=\"elementor-element elementor-element-25ab2dd elementor-widget elementor-widget-text-editor\" data-id=\"25ab2dd\" data-element_type=\"widget\" data-widget_type=\"text-editor.default\">\n\t\t\t\t<div class=\"elementor-widget-container\">\n\t\t\t\t\t\t\t<h2 style=\"text-align: left;\">\u00a0 \u00a0 PER FOR MANCE<\/h2>\t\t\t\t\t\t<\/div>\n\t\t\t\t<\/div>\n\t\t\t\t<div class=\"elementor-element elementor-element-7eed1f1 elementor-widget__width-initial elementor-widget elementor-widget-text-editor\" data-id=\"7eed1f1\" data-element_type=\"widget\" data-widget_type=\"text-editor.default\">\n\t\t\t\t<div class=\"elementor-widget-container\">\n\t\t\t\t\t\t\t<h2 style=\"text-align: left;\">CR\u00c9 AT ION<\/h2>\t\t\t\t\t\t<\/div>\n\t\t\t\t<\/div>\n\t\t\t\t\t<\/div>\n\t\t<\/div>\n\t\t\t\t\t\t\t<\/div>\n\t\t<\/section>\n\t\t\t\t\t<\/div>\n\t\t<\/div>\n\t\t\t\t\t\t\t<\/div>\n\t\t<\/section>\n\t\t\t\t<section class=\"elementor-section elementor-top-section elementor-element elementor-element-0f475ba elementor-section-boxed elementor-section-height-default elementor-section-height-default\" data-id=\"0f475ba\" data-element_type=\"section\">\n\t\t\t\t\t\t<div class=\"elementor-container elementor-column-gap-default\">\n\t\t\t\t\t<div class=\"elementor-column elementor-col-50 elementor-top-column elementor-element elementor-element-4497804\" data-id=\"4497804\" data-element_type=\"column\">\n\t\t\t<div class=\"elementor-widget-wrap elementor-element-populated\">\n\t\t\t\t\t\t\t\t<div class=\"elementor-element elementor-element-3879dc2 elementor-widget elementor-widget-image\" data-id=\"3879dc2\" data-element_type=\"widget\" data-widget_type=\"image.default\">\n\t\t\t\t<div class=\"elementor-widget-container\">\n\t\t\t\t\t\t\t\t\t\t\t\t\t\t\t<img loading=\"lazy\" decoding=\"async\" width=\"150\" height=\"150\" src=\"https:\/\/nouvellestraces.com\/wp-content\/uploads\/2024\/01\/lv-doremus-1-150x150-contraste.png\" class=\"attachment-medium size-medium wp-image-14218\" alt=\"\" srcset=\"https:\/\/nouvellestraces.com\/wp-content\/uploads\/2024\/01\/lv-doremus-1-150x150-contraste.png 150w, https:\/\/nouvellestraces.com\/wp-content\/uploads\/2024\/01\/lv-doremus-1-150x150-contraste-130x130.png 130w, https:\/\/nouvellestraces.com\/wp-content\/uploads\/2024\/01\/lv-doremus-1-150x150-contraste-106x106.png 106w\" sizes=\"auto, (max-width: 150px) 100vw, 150px\" \/>\t\t\t\t\t\t\t\t\t\t\t\t\t\t\t<\/div>\n\t\t\t\t<\/div>\n\t\t\t\t\t<\/div>\n\t\t<\/div>\n\t\t\t\t<div class=\"elementor-column elementor-col-50 elementor-top-column elementor-element elementor-element-250891f\" data-id=\"250891f\" data-element_type=\"column\">\n\t\t\t<div class=\"elementor-widget-wrap elementor-element-populated\">\n\t\t\t\t\t\t\t\t<div class=\"elementor-element elementor-element-26b7df6 elementor-widget elementor-widget-text-editor\" data-id=\"26b7df6\" data-element_type=\"widget\" data-widget_type=\"text-editor.default\">\n\t\t\t\t<div class=\"elementor-widget-container\">\n\t\t\t\t\t\t\t<p><span style=\"color: #333333;\">Lou DOR\u00c9MUS<\/span><br \/><em>Arts plastiques et graphiques<\/em><\/p>\n<p>Contact : <span style=\"color: #666699;\">crealou[at]gmail.com<\/span><\/p>\n<p>Site : <span style=\"color: #333333;\"><a style=\"color: #333333;\" href=\"https:\/\/loudoremus.com\/\">Atelier Lou Dor\u00e9mus<\/a><\/span>\u00a0<\/p>\t\t\t\t\t\t<\/div>\n\t\t\t\t<\/div>\n\t\t\t\t\t<\/div>\n\t\t<\/div>\n\t\t\t\t\t\t\t<\/div>\n\t\t<\/section>\n\t\t\t\t<section class=\"elementor-section elementor-top-section elementor-element elementor-element-e11c1b8 elementor-section-boxed elementor-section-height-default elementor-section-height-default\" data-id=\"e11c1b8\" data-element_type=\"section\">\n\t\t\t\t\t\t<div class=\"elementor-container elementor-column-gap-default\">\n\t\t\t\t\t<div class=\"elementor-column elementor-col-100 elementor-top-column elementor-element elementor-element-bd43271\" data-id=\"bd43271\" data-element_type=\"column\">\n\t\t\t<div class=\"elementor-widget-wrap elementor-element-populated\">\n\t\t\t\t\t\t\t\t<div class=\"elementor-element elementor-element-476c651 elementor-widget-divider--view-line elementor-widget elementor-widget-divider\" data-id=\"476c651\" data-element_type=\"widget\" data-widget_type=\"divider.default\">\n\t\t\t\t<div class=\"elementor-widget-container\">\n\t\t\t\t\t<div class=\"elementor-divider\">\n\t\t\t<span class=\"elementor-divider-separator\">\n\t\t\t\t\t\t<\/span>\n\t\t<\/div>\n\t\t\t\t<\/div>\n\t\t\t\t<\/div>\n\t\t\t\t\t<\/div>\n\t\t<\/div>\n\t\t\t\t\t\t\t<\/div>\n\t\t<\/section>\n\t\t\t\t<section class=\"elementor-section elementor-top-section elementor-element elementor-element-2557f46 elementor-section-boxed elementor-section-height-default elementor-section-height-default\" data-id=\"2557f46\" data-element_type=\"section\">\n\t\t\t\t\t\t<div class=\"elementor-container elementor-column-gap-default\">\n\t\t\t\t\t<div class=\"elementor-column elementor-col-50 elementor-top-column elementor-element elementor-element-3ab12c9\" data-id=\"3ab12c9\" data-element_type=\"column\">\n\t\t\t<div class=\"elementor-widget-wrap elementor-element-populated\">\n\t\t\t\t\t\t\t\t<div class=\"elementor-element elementor-element-07e1c3d elementor-widget elementor-widget-text-editor\" data-id=\"07e1c3d\" data-element_type=\"widget\" data-widget_type=\"text-editor.default\">\n\t\t\t\t<div class=\"elementor-widget-container\">\n\t\t\t\t\t\t\t<p><span style=\"color: #333333;\">Carolyn SITTIG<\/span><br \/><em>Performances, mise en sc\u00e8ne<\/em><\/p>\n<p>Contact : &lt; <span style=\"color: #666699;\"><a style=\"color: #666699;\" href=\"https:\/\/www.carolynsittig.eu\/contact\">laisser un message<\/a><\/span> &gt;<\/p>\n<p>Site : <span style=\"color: #333333;\"><a style=\"color: #333333;\" href=\"https:\/\/www.carolynsittig.eu\/\">Atelier Carolyn Sittig<\/a><\/span>\u00a0<\/p>\t\t\t\t\t\t<\/div>\n\t\t\t\t<\/div>\n\t\t\t\t\t<\/div>\n\t\t<\/div>\n\t\t\t\t<div class=\"elementor-column elementor-col-50 elementor-top-column elementor-element elementor-element-d0cc57a\" data-id=\"d0cc57a\" data-element_type=\"column\">\n\t\t\t<div class=\"elementor-widget-wrap elementor-element-populated\">\n\t\t\t\t\t\t\t\t<div class=\"elementor-element elementor-element-3baddc4 elementor-widget elementor-widget-image\" data-id=\"3baddc4\" data-element_type=\"widget\" data-widget_type=\"image.default\">\n\t\t\t\t<div class=\"elementor-widget-container\">\n\t\t\t\t\t\t\t\t\t\t\t\t\t\t\t<img loading=\"lazy\" decoding=\"async\" width=\"150\" height=\"147\" src=\"https:\/\/nouvellestraces.com\/wp-content\/uploads\/2025\/09\/C-Sittig-150px.png\" class=\"attachment-medium size-medium wp-image-20278\" alt=\"\" \/>\t\t\t\t\t\t\t\t\t\t\t\t\t\t\t<\/div>\n\t\t\t\t<\/div>\n\t\t\t\t\t<\/div>\n\t\t<\/div>\n\t\t\t\t\t\t\t<\/div>\n\t\t<\/section>\n\t\t\t\t<section class=\"elementor-section elementor-top-section elementor-element elementor-element-94ecfa5 elementor-section-boxed elementor-section-height-default elementor-section-height-default\" data-id=\"94ecfa5\" data-element_type=\"section\">\n\t\t\t\t\t\t<div class=\"elementor-container elementor-column-gap-default\">\n\t\t\t\t\t<div class=\"elementor-column elementor-col-100 elementor-top-column elementor-element elementor-element-c048d11\" data-id=\"c048d11\" data-element_type=\"column\">\n\t\t\t<div class=\"elementor-widget-wrap elementor-element-populated\">\n\t\t\t\t\t\t\t\t<div class=\"elementor-element elementor-element-e489c16 elementor-widget-divider--view-line elementor-widget elementor-widget-divider\" data-id=\"e489c16\" data-element_type=\"widget\" data-widget_type=\"divider.default\">\n\t\t\t\t<div class=\"elementor-widget-container\">\n\t\t\t\t\t<div class=\"elementor-divider\">\n\t\t\t<span class=\"elementor-divider-separator\">\n\t\t\t\t\t\t<\/span>\n\t\t<\/div>\n\t\t\t\t<\/div>\n\t\t\t\t<\/div>\n\t\t\t\t\t<\/div>\n\t\t<\/div>\n\t\t\t\t\t\t\t<\/div>\n\t\t<\/section>\n\t\t\t\t<section class=\"elementor-section elementor-top-section elementor-element elementor-element-82a1372 elementor-section-boxed elementor-section-height-default elementor-section-height-default\" data-id=\"82a1372\" data-element_type=\"section\">\n\t\t\t\t\t\t<div class=\"elementor-container elementor-column-gap-default\">\n\t\t\t\t\t<div class=\"elementor-column elementor-col-50 elementor-top-column elementor-element elementor-element-ac264bd\" data-id=\"ac264bd\" data-element_type=\"column\">\n\t\t\t<div class=\"elementor-widget-wrap elementor-element-populated\">\n\t\t\t\t\t\t\t\t<div class=\"elementor-element elementor-element-135bb53 elementor-widget elementor-widget-image\" data-id=\"135bb53\" data-element_type=\"widget\" data-widget_type=\"image.default\">\n\t\t\t\t<div class=\"elementor-widget-container\">\n\t\t\t\t\t\t\t\t\t\t\t\t\t\t\t<img decoding=\"async\" src=\"https:\/\/nouvellestraces.com\/wp-content\/uploads\/elementor\/thumbs\/E-Marcadet-150px-rbiee0kvwizvhxhsuvwk64ekl1yllenue2fjv93ckc.png\" title=\"E Marcadet\" alt=\"E Marcadet\" loading=\"lazy\" \/>\t\t\t\t\t\t\t\t\t\t\t\t\t\t\t<\/div>\n\t\t\t\t<\/div>\n\t\t\t\t\t<\/div>\n\t\t<\/div>\n\t\t\t\t<div class=\"elementor-column elementor-col-50 elementor-top-column elementor-element elementor-element-f875784\" data-id=\"f875784\" data-element_type=\"column\">\n\t\t\t<div class=\"elementor-widget-wrap elementor-element-populated\">\n\t\t\t\t\t\t\t\t<div class=\"elementor-element elementor-element-77040cb elementor-widget elementor-widget-text-editor\" data-id=\"77040cb\" data-element_type=\"widget\" data-widget_type=\"text-editor.default\">\n\t\t\t\t<div class=\"elementor-widget-container\">\n\t\t\t\t\t\t\t<p><span style=\"color: #333333;\">\u00c9lisabeth MARCADET<\/span><br \/><em>Peinture \u00e0 l&rsquo;huile<\/em><\/p>\n<p>Contact : <span style=\"color: #666699;\"><a style=\"color: #666699;\" href=\"https:\/\/www.facebook.com\/elisabeth.marcadet.7\/?locale=fr_FR\">sur Facebook<\/a><\/span><\/p>\n<p>Site :\u00a0 \u00a0<span style=\"color: #333333;\"><a style=\"color: #333333;\" href=\"https:\/\/www.singulart.com\/fr\/artiste\/elisabeth-marcadet-30891\">Atelier \u00c9lisabeth Marcadet<\/a><\/span><\/p>\t\t\t\t\t\t<\/div>\n\t\t\t\t<\/div>\n\t\t\t\t\t<\/div>\n\t\t<\/div>\n\t\t\t\t\t\t\t<\/div>\n\t\t<\/section>\n\t\t\t\t<section class=\"elementor-section elementor-top-section elementor-element elementor-element-5ffa91f elementor-section-boxed elementor-section-height-default elementor-section-height-default\" data-id=\"5ffa91f\" data-element_type=\"section\">\n\t\t\t\t\t\t<div class=\"elementor-container elementor-column-gap-default\">\n\t\t\t\t\t<div class=\"elementor-column elementor-col-100 elementor-top-column elementor-element elementor-element-64b6aae\" data-id=\"64b6aae\" data-element_type=\"column\">\n\t\t\t<div class=\"elementor-widget-wrap elementor-element-populated\">\n\t\t\t\t\t\t\t\t<div class=\"elementor-element elementor-element-3de59c0 elementor-widget-divider--view-line elementor-widget elementor-widget-divider\" data-id=\"3de59c0\" data-element_type=\"widget\" data-widget_type=\"divider.default\">\n\t\t\t\t<div class=\"elementor-widget-container\">\n\t\t\t\t\t<div class=\"elementor-divider\">\n\t\t\t<span class=\"elementor-divider-separator\">\n\t\t\t\t\t\t<\/span>\n\t\t<\/div>\n\t\t\t\t<\/div>\n\t\t\t\t<\/div>\n\t\t\t\t\t<\/div>\n\t\t<\/div>\n\t\t\t\t\t\t\t<\/div>\n\t\t<\/section>\n\t\t\t\t<section class=\"elementor-section elementor-top-section elementor-element elementor-element-7a4d4fb elementor-section-boxed elementor-section-height-default elementor-section-height-default\" data-id=\"7a4d4fb\" data-element_type=\"section\">\n\t\t\t\t\t\t<div class=\"elementor-container elementor-column-gap-default\">\n\t\t\t\t\t<div class=\"elementor-column elementor-col-50 elementor-top-column elementor-element elementor-element-21c087e\" data-id=\"21c087e\" data-element_type=\"column\">\n\t\t\t<div class=\"elementor-widget-wrap elementor-element-populated\">\n\t\t\t\t\t\t\t\t<div class=\"elementor-element elementor-element-ec3b777 elementor-widget elementor-widget-text-editor\" data-id=\"ec3b777\" data-element_type=\"widget\" data-widget_type=\"text-editor.default\">\n\t\t\t\t<div class=\"elementor-widget-container\">\n\t\t\t\t\t\t\t<p><span style=\"color: #333333;\">Myriam PARDIAC<\/span><br \/><em>Arts plastiques, illustration<\/em><\/p>\n<p>Contact : <span style=\"color: #666699;\">pardiac.myriam[at]gmail.com<\/span><\/p>\n<p>Site :\u00a0 \u00a0&#8211; &#8211; &#8211;<\/p>\t\t\t\t\t\t<\/div>\n\t\t\t\t<\/div>\n\t\t\t\t\t<\/div>\n\t\t<\/div>\n\t\t\t\t<div class=\"elementor-column elementor-col-50 elementor-top-column elementor-element elementor-element-081996e\" data-id=\"081996e\" data-element_type=\"column\">\n\t\t\t<div class=\"elementor-widget-wrap elementor-element-populated\">\n\t\t\t\t\t\t\t\t<div class=\"elementor-element elementor-element-5f9dfa0 elementor-widget elementor-widget-image\" data-id=\"5f9dfa0\" data-element_type=\"widget\" data-widget_type=\"image.default\">\n\t\t\t\t<div class=\"elementor-widget-container\">\n\t\t\t\t\t\t\t\t\t\t\t\t\t\t\t<img decoding=\"async\" src=\"https:\/\/nouvellestraces.com\/wp-content\/uploads\/elementor\/thumbs\/myriam-pardiac-osipm8fbe8l8nio45nnx27s9eyslg3k5an5qkfj9ss.jpg\" title=\"Myriam Pardiac\" alt=\"Myriam Pardiac\" loading=\"lazy\" \/>\t\t\t\t\t\t\t\t\t\t\t\t\t\t\t<\/div>\n\t\t\t\t<\/div>\n\t\t\t\t\t<\/div>\n\t\t<\/div>\n\t\t\t\t\t\t\t<\/div>\n\t\t<\/section>\n\t\t\t\t<section class=\"elementor-section elementor-top-section elementor-element elementor-element-5e9609f elementor-section-boxed elementor-section-height-default elementor-section-height-default\" data-id=\"5e9609f\" data-element_type=\"section\">\n\t\t\t\t\t\t<div class=\"elementor-container elementor-column-gap-default\">\n\t\t\t\t\t<div class=\"elementor-column elementor-col-100 elementor-top-column elementor-element elementor-element-b9330cb\" data-id=\"b9330cb\" data-element_type=\"column\">\n\t\t\t<div class=\"elementor-widget-wrap elementor-element-populated\">\n\t\t\t\t\t\t\t\t<div class=\"elementor-element elementor-element-a796f68 elementor-widget-divider--view-line elementor-widget elementor-widget-divider\" data-id=\"a796f68\" data-element_type=\"widget\" data-widget_type=\"divider.default\">\n\t\t\t\t<div class=\"elementor-widget-container\">\n\t\t\t\t\t<div class=\"elementor-divider\">\n\t\t\t<span class=\"elementor-divider-separator\">\n\t\t\t\t\t\t<\/span>\n\t\t<\/div>\n\t\t\t\t<\/div>\n\t\t\t\t<\/div>\n\t\t\t\t\t<\/div>\n\t\t<\/div>\n\t\t\t\t\t\t\t<\/div>\n\t\t<\/section>\n\t\t\t\t<section class=\"elementor-section elementor-top-section elementor-element elementor-element-b98987e elementor-section-boxed elementor-section-height-default elementor-section-height-default\" data-id=\"b98987e\" data-element_type=\"section\">\n\t\t\t\t\t\t<div class=\"elementor-container elementor-column-gap-default\">\n\t\t\t\t\t<div class=\"elementor-column elementor-col-50 elementor-top-column elementor-element elementor-element-57dbf43\" data-id=\"57dbf43\" data-element_type=\"column\">\n\t\t\t<div class=\"elementor-widget-wrap elementor-element-populated\">\n\t\t\t\t\t\t\t\t<div class=\"elementor-element elementor-element-d6b16e7 elementor-widget elementor-widget-image\" data-id=\"d6b16e7\" data-element_type=\"widget\" data-widget_type=\"image.default\">\n\t\t\t\t<div class=\"elementor-widget-container\">\n\t\t\t\t\t\t\t\t\t\t\t\t\t\t\t<img decoding=\"async\" src=\"https:\/\/nouvellestraces.com\/wp-content\/uploads\/elementor\/thumbs\/florence-bourdelles-1-osiogjb27tibm98kn4spy8l4qmbezh0t89bb5jczto.jpg\" title=\"F Bourdelles\" alt=\"F Bourdelles\" loading=\"lazy\" \/>\t\t\t\t\t\t\t\t\t\t\t\t\t\t\t<\/div>\n\t\t\t\t<\/div>\n\t\t\t\t\t<\/div>\n\t\t<\/div>\n\t\t\t\t<div class=\"elementor-column elementor-col-50 elementor-top-column elementor-element elementor-element-6f4f15d\" data-id=\"6f4f15d\" data-element_type=\"column\">\n\t\t\t<div class=\"elementor-widget-wrap elementor-element-populated\">\n\t\t\t\t\t\t\t\t<div class=\"elementor-element elementor-element-aa97f22 elementor-widget elementor-widget-text-editor\" data-id=\"aa97f22\" data-element_type=\"widget\" data-widget_type=\"text-editor.default\">\n\t\t\t\t<div class=\"elementor-widget-container\">\n\t\t\t\t\t\t\t<p><span style=\"color: #333333;\">Florence BOURDELLES<\/span><br \/><em>Arts plastiques, gravure, costumes de sc\u00e8ne<\/em><\/p>\n<p>Contact : &lt;<span style=\"color: #666699;\"> <a style=\"color: #666699;\" href=\"https:\/\/bourdelles.wordpress.com\/2017\/05\/13\/contact\/\">laisser un message<\/a><\/span> &gt;<\/p>\n<p>Site :\u00a0 \u00a0<span style=\"color: #333333;\"><a style=\"color: #333333;\" href=\"https:\/\/bourdelles.wordpress.com\/\">Atelier Florence Bourdelles<\/a><\/span><\/p>\t\t\t\t\t\t<\/div>\n\t\t\t\t<\/div>\n\t\t\t\t\t<\/div>\n\t\t<\/div>\n\t\t\t\t\t\t\t<\/div>\n\t\t<\/section>\n\t\t\t\t\t\t\t<\/div>\n\t\t","protected":false},"excerpt":{"rendered":"<p>Cinq artistes de l&rsquo;associationproposent leurs cr\u00e9ations et vous invitent \u00e0 d\u00e9couvrir leur univers. EX\u00a0 POSITION INSTAL\u00a0 LATION VI\u00a0 SITE\u00a0 \u00a0D&rsquo;ATE LIER ATE LIER\u00a0 CR\u00c9 AT &hellip; <\/p>\n","protected":false},"author":1,"featured_media":0,"parent":11,"menu_order":1,"comment_status":"closed","ping_status":"closed","template":"","meta":{"footnotes":""},"class_list":["post-93","page","type-page","status-publish","hentry"],"_links":{"self":[{"href":"https:\/\/nouvellestraces.com\/index.php\/wp-json\/wp\/v2\/pages\/93","targetHints":{"allow":["GET"]}}],"collection":[{"href":"https:\/\/nouvellestraces.com\/index.php\/wp-json\/wp\/v2\/pages"}],"about":[{"href":"https:\/\/nouvellestraces.com\/index.php\/wp-json\/wp\/v2\/types\/page"}],"author":[{"embeddable":true,"href":"https:\/\/nouvellestraces.com\/index.php\/wp-json\/wp\/v2\/users\/1"}],"replies":[{"embeddable":true,"href":"https:\/\/nouvellestraces.com\/index.php\/wp-json\/wp\/v2\/comments?post=93"}],"version-history":[{"count":53,"href":"https:\/\/nouvellestraces.com\/index.php\/wp-json\/wp\/v2\/pages\/93\/revisions"}],"predecessor-version":[{"id":20406,"href":"https:\/\/nouvellestraces.com\/index.php\/wp-json\/wp\/v2\/pages\/93\/revisions\/20406"}],"up":[{"embeddable":true,"href":"https:\/\/nouvellestraces.com\/index.php\/wp-json\/wp\/v2\/pages\/11"}],"wp:attachment":[{"href":"https:\/\/nouvellestraces.com\/index.php\/wp-json\/wp\/v2\/media?parent=93"}],"curies":[{"name":"wp","href":"https:\/\/api.w.org\/{rel}","templated":true}]}}