{"id":78,"date":"2020-07-13T15:17:01","date_gmt":"2020-07-13T13:17:01","guid":{"rendered":"http:\/\/nouvellestraces.com\/?page_id=78"},"modified":"2025-09-13T02:09:04","modified_gmt":"2025-09-13T00:09:04","slug":"ateliers-decriture","status":"publish","type":"page","link":"https:\/\/nouvellestraces.com\/index.php\/prestations\/ateliers-decriture\/","title":{"rendered":"Ateliers d&rsquo;\u00e9criture"},"content":{"rendered":"\t\t<div data-elementor-type=\"wp-page\" data-elementor-id=\"78\" class=\"elementor elementor-78\">\n\t\t\t\t\t\t\t\t\t<section class=\"elementor-section elementor-top-section elementor-element elementor-element-6527cee elementor-section-boxed elementor-section-height-default elementor-section-height-default\" data-id=\"6527cee\" data-element_type=\"section\">\n\t\t\t\t\t\t<div class=\"elementor-container elementor-column-gap-default\">\n\t\t\t\t\t<div class=\"elementor-column elementor-col-33 elementor-top-column elementor-element elementor-element-7e168ea\" data-id=\"7e168ea\" data-element_type=\"column\">\n\t\t\t<div class=\"elementor-widget-wrap elementor-element-populated\">\n\t\t\t\t\t\t\t\t<div class=\"elementor-element elementor-element-2c69821 elementor-widget__width-initial elementor-widget elementor-widget-image\" data-id=\"2c69821\" data-element_type=\"widget\" data-widget_type=\"image.default\">\n\t\t\t\t<div class=\"elementor-widget-container\">\n\t\t\t\t\t\t\t\t\t\t\t\t\t\t\t<img decoding=\"async\" src=\"https:\/\/nouvellestraces.com\/wp-content\/uploads\/elementor\/thumbs\/nadia-150x150-contraste-qig7ma6cs78is9emek1vc3pwk0093si6ngp4nlu258.png\" title=\"nadia-150&#215;150-contraste\" alt=\"nadia-150x150-contraste\" loading=\"lazy\" \/>\t\t\t\t\t\t\t\t\t\t\t\t\t\t\t<\/div>\n\t\t\t\t<\/div>\n\t\t\t\t<div class=\"elementor-element elementor-element-f8103ec elementor-widget elementor-widget-text-editor\" data-id=\"f8103ec\" data-element_type=\"widget\" data-widget_type=\"text-editor.default\">\n\t\t\t\t<div class=\"elementor-widget-container\">\n\t\t\t\t\t\t\t<h2><br \/>N\u00a0 A\u00a0 D\u00a0 I\u00a0 A<\/h2>\n<h2>BOURGEOIS<\/h2>\t\t\t\t\t\t<\/div>\n\t\t\t\t<\/div>\n\t\t\t\t\t<\/div>\n\t\t<\/div>\n\t\t\t\t<div class=\"elementor-column elementor-col-33 elementor-top-column elementor-element elementor-element-a36bede\" data-id=\"a36bede\" data-element_type=\"column\">\n\t\t\t<div class=\"elementor-widget-wrap elementor-element-populated\">\n\t\t\t\t\t\t\t\t<div class=\"elementor-element elementor-element-1d5c24f1 elementor-widget__width-initial elementor-widget elementor-widget-text-editor\" data-id=\"1d5c24f1\" data-element_type=\"widget\" data-widget_type=\"text-editor.default\">\n\t\t\t\t<div class=\"elementor-widget-container\">\n\t\t\t\t\t\t\t<p>Auteur et dramaturge, anime des ateliers d&rsquo;\u00e9criture th\u00e9matiques en pr\u00e9sentiel ou en visio-conf\u00e9rence, \u00e0 Bordeaux et \u00e0 Saint-M\u00e9dard-en-Jalles.<\/p>\n<p>Contact : <span style=\"color: #333399;\"><a style=\"color: #333399;\" href=\"https:\/\/www.cours-ecriture-nadiabourgeois.com\/p\/adresse.html\" target=\"_blank\" rel=\"noreferrer noopener\">Nadia Bourgeois<\/a><\/span><\/p>\n<p>Site : <span style=\"text-decoration: underline;\"><span style=\"color: #666699;\"><a style=\"color: #666699; text-decoration: underline;\" href=\"https:\/\/www.cours-ecriture-nadiabourgeois.com\/\" target=\"_blank\" rel=\"noreferrer noopener\">Atelier d&rsquo;\u00e9criture N Bourgeois<\/a><\/span><\/span><\/p>\n<p><!-- \/wp:paragraph --><!-- wp:paragraph --><\/p>\n<p><!-- \/wp:paragraph --><\/p>\t\t\t\t\t\t<\/div>\n\t\t\t\t<\/div>\n\t\t\t\t<div class=\"elementor-element elementor-element-9838108 elementor-widget elementor-widget-text-editor\" data-id=\"9838108\" data-element_type=\"widget\" data-widget_type=\"text-editor.default\">\n\t\t\t\t<div class=\"elementor-widget-container\">\n\t\t\t\t\t\t\t<p><span style=\"color: #333333;\">T I T R E S<\/span><br \/><span style=\"color: #808080;\">\u00ab Comment trouver un homme assorti \u00e0 son sac \u00e0 main \u00bb, La bo\u00eete \u00e0 pandore, 2017.<\/span><br \/><span style=\"color: #808080;\">\u00ab La chair glaise \u00bb, Kindle, 2014.<\/span><\/p>\n<p>\u00a0<\/p>\t\t\t\t\t\t<\/div>\n\t\t\t\t<\/div>\n\t\t\t\t\t<\/div>\n\t\t<\/div>\n\t\t\t\t<div class=\"elementor-column elementor-col-33 elementor-top-column elementor-element elementor-element-f0286aa\" data-id=\"f0286aa\" data-element_type=\"column\">\n\t\t\t<div class=\"elementor-widget-wrap elementor-element-populated\">\n\t\t\t\t\t\t\t\t<div class=\"elementor-element elementor-element-f1e7cdc elementor-widget elementor-widget-text-editor\" data-id=\"f1e7cdc\" data-element_type=\"widget\" data-widget_type=\"text-editor.default\">\n\t\t\t\t<div class=\"elementor-widget-container\">\n\t\t\t\t\t\t\t<p><span style=\"color: #333399;\">Bouge ton Cube<\/span><br \/>Jou\u00e9e \u00e0 Bordeaux dans une adaptation de Xavier Viton, au th\u00e9\u00e2tre Moli\u00e8re.<\/p>\n<p style=\"text-align: center;\"><span style=\"color: #333333;\">P I \u00c8 C E S<\/span><\/p>\n<p><span style=\"color: #333399;\">Castings et Castagnettes<br \/><span style=\"color: #808080;\">Jou\u00e9e en seule-en-sc\u00e8ne par Laetitia Slescka, mise en sc\u00e8ne de R\u00e9da Ch\u00e9raitia.<\/span><br \/><br \/><\/span><\/p>\n<p>\u00a0<\/p>\t\t\t\t\t\t<\/div>\n\t\t\t\t<\/div>\n\t\t\t\t\t<\/div>\n\t\t<\/div>\n\t\t\t\t\t\t\t<\/div>\n\t\t<\/section>\n\t\t\t\t\t\t\t<\/div>\n\t\t","protected":false},"excerpt":{"rendered":"<p>N\u00a0 A\u00a0 D\u00a0 I\u00a0 A BOURGEOIS Auteur et dramaturge, anime des ateliers d&rsquo;\u00e9criture th\u00e9matiques en pr\u00e9sentiel ou en visio-conf\u00e9rence, \u00e0 Bordeaux et \u00e0 Saint-M\u00e9dard-en-Jalles. Contact &hellip; <\/p>\n","protected":false},"author":1,"featured_media":0,"parent":11,"menu_order":1,"comment_status":"closed","ping_status":"closed","template":"","meta":{"footnotes":""},"class_list":["post-78","page","type-page","status-publish","hentry"],"_links":{"self":[{"href":"https:\/\/nouvellestraces.com\/index.php\/wp-json\/wp\/v2\/pages\/78","targetHints":{"allow":["GET"]}}],"collection":[{"href":"https:\/\/nouvellestraces.com\/index.php\/wp-json\/wp\/v2\/pages"}],"about":[{"href":"https:\/\/nouvellestraces.com\/index.php\/wp-json\/wp\/v2\/types\/page"}],"author":[{"embeddable":true,"href":"https:\/\/nouvellestraces.com\/index.php\/wp-json\/wp\/v2\/users\/1"}],"replies":[{"embeddable":true,"href":"https:\/\/nouvellestraces.com\/index.php\/wp-json\/wp\/v2\/comments?post=78"}],"version-history":[{"count":45,"href":"https:\/\/nouvellestraces.com\/index.php\/wp-json\/wp\/v2\/pages\/78\/revisions"}],"predecessor-version":[{"id":20396,"href":"https:\/\/nouvellestraces.com\/index.php\/wp-json\/wp\/v2\/pages\/78\/revisions\/20396"}],"up":[{"embeddable":true,"href":"https:\/\/nouvellestraces.com\/index.php\/wp-json\/wp\/v2\/pages\/11"}],"wp:attachment":[{"href":"https:\/\/nouvellestraces.com\/index.php\/wp-json\/wp\/v2\/media?parent=78"}],"curies":[{"name":"wp","href":"https:\/\/api.w.org\/{rel}","templated":true}]}}