{"id":602,"date":"2021-01-04T19:48:10","date_gmt":"2021-01-04T18:48:10","guid":{"rendered":"http:\/\/nouvellestraces.com\/?page_id=602"},"modified":"2024-09-13T15:30:02","modified_gmt":"2024-09-13T13:30:02","slug":"mentions-legales","status":"publish","type":"page","link":"https:\/\/nouvellestraces.com\/index.php\/mentions-legales\/","title":{"rendered":"Mentions l\u00e9gales"},"content":{"rendered":"\t\t<div data-elementor-type=\"wp-page\" data-elementor-id=\"602\" class=\"elementor elementor-602\">\n\t\t\t\t\t\t\t\t\t<section class=\"elementor-section elementor-top-section elementor-element elementor-element-355c81a elementor-section-boxed elementor-section-height-default elementor-section-height-default\" data-id=\"355c81a\" data-element_type=\"section\">\n\t\t\t\t\t\t<div class=\"elementor-container elementor-column-gap-default\">\n\t\t\t\t\t<div class=\"elementor-column elementor-col-100 elementor-top-column elementor-element elementor-element-7b204ef\" data-id=\"7b204ef\" data-element_type=\"column\">\n\t\t\t<div class=\"elementor-widget-wrap elementor-element-populated\">\n\t\t\t\t\t\t\t\t<div class=\"elementor-element elementor-element-805e64b e-transform e-transform elementor-invisible elementor-widget elementor-widget-text-editor\" data-id=\"805e64b\" data-element_type=\"widget\" data-settings=\"{&quot;_animation&quot;:&quot;fadeIn&quot;,&quot;_transform_rotateZ_effect_hover&quot;:{&quot;unit&quot;:&quot;px&quot;,&quot;size&quot;:0,&quot;sizes&quot;:[]},&quot;_transform_rotateZ_effect_hover_tablet&quot;:{&quot;unit&quot;:&quot;deg&quot;,&quot;size&quot;:&quot;&quot;,&quot;sizes&quot;:[]},&quot;_transform_rotateZ_effect_hover_mobile&quot;:{&quot;unit&quot;:&quot;deg&quot;,&quot;size&quot;:&quot;&quot;,&quot;sizes&quot;:[]},&quot;_transform_translateX_effect_hover&quot;:{&quot;unit&quot;:&quot;px&quot;,&quot;size&quot;:&quot;&quot;,&quot;sizes&quot;:[]},&quot;_transform_translateX_effect_hover_tablet&quot;:{&quot;unit&quot;:&quot;px&quot;,&quot;size&quot;:&quot;&quot;,&quot;sizes&quot;:[]},&quot;_transform_translateX_effect_hover_mobile&quot;:{&quot;unit&quot;:&quot;px&quot;,&quot;size&quot;:&quot;&quot;,&quot;sizes&quot;:[]},&quot;_transform_translateY_effect_hover&quot;:{&quot;unit&quot;:&quot;px&quot;,&quot;size&quot;:&quot;&quot;,&quot;sizes&quot;:[]},&quot;_transform_translateY_effect_hover_tablet&quot;:{&quot;unit&quot;:&quot;px&quot;,&quot;size&quot;:&quot;&quot;,&quot;sizes&quot;:[]},&quot;_transform_translateY_effect_hover_mobile&quot;:{&quot;unit&quot;:&quot;px&quot;,&quot;size&quot;:&quot;&quot;,&quot;sizes&quot;:[]}}\" data-widget_type=\"text-editor.default\">\n\t\t\t\t<div class=\"elementor-widget-container\">\n\t\t\t\t\t\t\t<p><strong>NOUVELLES TRACES<\/strong><br \/>Association loi 1901<br \/>Siret 833 356 058 00028<br \/><span style=\"color: var( --e-global-color-text );\">11 rue Bavard &#8211; 33200 Bordeaux<br \/>nouvellestraces@gmail.com<\/span><\/p><p><span style=\"color: var( --e-global-color-text );\"><b>Activit\u00e9s<br \/><\/b><\/span><span style=\"color: var( --e-global-color-text );\">\u00c9dition<br \/>Prestations culturelles (lectures publiques, expositions&#8230; )<br \/>Actions socio-culturelles en partenariat avec le d\u00e9partement de la Gironde.<\/span><\/p><p><span style=\"color: var( --e-global-color-text );\"><strong>Membres du bureau<\/strong><br \/>Pr\u00e9sident : Jean-Paul Loubes (\u00e9crivain\/plasticien)<br \/>Tr\u00e9sorier : Michael Specht (dessinateur)<br \/>Secr\u00e9taire : David Schn\u00e9e (\u00e9crivain)<\/span><\/p><p><span style=\"color: var( --e-global-color-text );\"><b>H\u00e9bergement<\/b><br \/><\/span><span style=\"color: var( --e-global-color-text );\">Site h\u00e9berg\u00e9 par OVH Cloud pour l&rsquo;association Nouvelles Traces.<\/span><\/p><p><strong>Site<\/strong><br \/>Cr\u00e9ation et mise \u00e0 jour des pages par Michael Specht.<br \/>CMS : WordPress.<\/p><p><b>Propri\u00e9t\u00e9 intellectuelle<br \/><\/b><span style=\"color: var( --e-global-color-text );\">Les contenus de ce site sont la propri\u00e9t\u00e9 de l&rsquo;association et de leurs artistes et auteurs. Offerts \u00e0 la consultation, ils ne sont pas libres de droits. Il est possible d&rsquo;extraire des contenus ou parties de ce site \u00e0 des fins personnelles, mais pas de les publier, que ce soit sur internet ou sous toute autre forme, sans l&rsquo;accord pr\u00e9alable de Nouvelles Traces. Il est possible de les citer ou les reproduire \u00e0 des fins personnelles en mentionnant clairement la source, l&rsquo;adresse internet du contenu et le nom de l&rsquo;auteur.<\/span><\/p><p><span style=\"color: var( --e-global-color-text );\">Toute utilisation commerciale de tout ou partie de ce site est impossible en l&rsquo;absence d&rsquo;accord pr\u00e9alable de Nouvelles Traces.<\/span><\/p><p><span style=\"color: var( --e-global-color-text );\"><b>Principe<br \/><\/b><\/span><span style=\"color: var( --e-global-color-text );\">L&rsquo;association Nouvelles Traces\u00a0 r\u00e9unit des auteurs et des artistes dans une activit\u00e9 d&rsquo;\u00e9dition et de prestations culturelles. Le fonctionnement interne est bas\u00e9 sur le b\u00e9n\u00e9volat<\/span><\/p>\t\t\t\t\t\t<\/div>\n\t\t\t\t<\/div>\n\t\t\t\t\t<\/div>\n\t\t<\/div>\n\t\t\t\t\t\t\t<\/div>\n\t\t<\/section>\n\t\t\t\t<section class=\"elementor-section elementor-top-section elementor-element elementor-element-f951c8e elementor-section-boxed elementor-section-height-default elementor-section-height-default\" data-id=\"f951c8e\" data-element_type=\"section\">\n\t\t\t\t\t\t<div class=\"elementor-container elementor-column-gap-default\">\n\t\t\t\t\t<div class=\"elementor-column elementor-col-100 elementor-top-column elementor-element elementor-element-e7ffe0a\" data-id=\"e7ffe0a\" data-element_type=\"column\">\n\t\t\t<div class=\"elementor-widget-wrap elementor-element-populated\">\n\t\t\t\t\t\t\t\t<div class=\"elementor-element elementor-element-f63edc2 elementor-widget elementor-widget-button\" data-id=\"f63edc2\" data-element_type=\"widget\" data-widget_type=\"button.default\">\n\t\t\t\t<div class=\"elementor-widget-container\">\n\t\t\t\t\t<div class=\"elementor-button-wrapper\">\n\t\t\t<a class=\"elementor-button elementor-button-link elementor-size-sm\" href=\"#\" id=\"Retour haut\">\n\t\t\t\t\t\t<span class=\"elementor-button-content-wrapper\">\n\t\t\t\t\t\t<span class=\"elementor-button-icon elementor-align-icon-left\">\n\t\t\t\t<i aria-hidden=\"true\" class=\"far fa-arrow-alt-circle-up\"><\/i>\t\t\t<\/span>\n\t\t\t\t\t\t<span class=\"elementor-button-text\">Retour<\/span>\n\t\t<\/span>\n\t\t\t\t\t<\/a>\n\t\t<\/div>\n\t\t\t\t<\/div>\n\t\t\t\t<\/div>\n\t\t\t\t\t<\/div>\n\t\t<\/div>\n\t\t\t\t\t\t\t<\/div>\n\t\t<\/section>\n\t\t\t\t\t\t\t<\/div>\n\t\t","protected":false},"excerpt":{"rendered":"<p>NOUVELLES TRACESAssociation loi 1901Siret 833 356 058 0002811 rue Bavard &#8211; 33200 Bordeauxnouvellestraces@gmail.com Activit\u00e9s\u00c9ditionPrestations culturelles (lectures publiques, expositions&#8230; )Actions socio-culturelles en partenariat avec le d\u00e9partement &hellip; <\/p>\n","protected":false},"author":1,"featured_media":0,"parent":0,"menu_order":0,"comment_status":"closed","ping_status":"closed","template":"","meta":{"footnotes":""},"class_list":["post-602","page","type-page","status-publish","hentry"],"_links":{"self":[{"href":"https:\/\/nouvellestraces.com\/index.php\/wp-json\/wp\/v2\/pages\/602","targetHints":{"allow":["GET"]}}],"collection":[{"href":"https:\/\/nouvellestraces.com\/index.php\/wp-json\/wp\/v2\/pages"}],"about":[{"href":"https:\/\/nouvellestraces.com\/index.php\/wp-json\/wp\/v2\/types\/page"}],"author":[{"embeddable":true,"href":"https:\/\/nouvellestraces.com\/index.php\/wp-json\/wp\/v2\/users\/1"}],"replies":[{"embeddable":true,"href":"https:\/\/nouvellestraces.com\/index.php\/wp-json\/wp\/v2\/comments?post=602"}],"version-history":[{"count":21,"href":"https:\/\/nouvellestraces.com\/index.php\/wp-json\/wp\/v2\/pages\/602\/revisions"}],"predecessor-version":[{"id":16493,"href":"https:\/\/nouvellestraces.com\/index.php\/wp-json\/wp\/v2\/pages\/602\/revisions\/16493"}],"wp:attachment":[{"href":"https:\/\/nouvellestraces.com\/index.php\/wp-json\/wp\/v2\/media?parent=602"}],"curies":[{"name":"wp","href":"https:\/\/api.w.org\/{rel}","templated":true}]}}