{"id":360,"date":"2020-07-18T23:38:58","date_gmt":"2020-07-18T21:38:58","guid":{"rendered":"http:\/\/nouvellestraces.com\/?page_id=360"},"modified":"2025-09-12T16:22:07","modified_gmt":"2025-09-12T14:22:07","slug":"actes-poetiques","status":"publish","type":"page","link":"https:\/\/nouvellestraces.com\/index.php\/prestations\/actes-poetiques\/","title":{"rendered":"Actes po\u00e9tiques"},"content":{"rendered":"\t\t<div data-elementor-type=\"wp-page\" data-elementor-id=\"360\" class=\"elementor elementor-360\">\n\t\t\t\t\t\t\t\t\t<section class=\"elementor-section elementor-top-section elementor-element elementor-element-2e837f25 elementor-section-boxed elementor-section-height-default elementor-section-height-default\" data-id=\"2e837f25\" data-element_type=\"section\">\n\t\t\t\t\t\t<div class=\"elementor-container elementor-column-gap-default\">\n\t\t\t\t\t<div class=\"elementor-column elementor-col-100 elementor-top-column elementor-element elementor-element-4dc830cc\" data-id=\"4dc830cc\" data-element_type=\"column\">\n\t\t\t<div class=\"elementor-widget-wrap elementor-element-populated\">\n\t\t\t\t\t\t\t\t<section class=\"elementor-section elementor-inner-section elementor-element elementor-element-a6ce815 elementor-section-boxed elementor-section-height-default elementor-section-height-default\" data-id=\"a6ce815\" data-element_type=\"section\">\n\t\t\t\t\t\t<div class=\"elementor-container elementor-column-gap-default\">\n\t\t\t\t\t<div class=\"elementor-column elementor-col-50 elementor-inner-column elementor-element elementor-element-6399052\" data-id=\"6399052\" data-element_type=\"column\">\n\t\t\t<div class=\"elementor-widget-wrap elementor-element-populated\">\n\t\t\t\t\t\t\t\t<div class=\"elementor-element elementor-element-ba6c063 elementor-widget__width-initial elementor-widget elementor-widget-text-editor\" data-id=\"ba6c063\" data-element_type=\"widget\" data-widget_type=\"text-editor.default\">\n\t\t\t\t<div class=\"elementor-widget-container\">\n\t\t\t\t\t\t\t<h1>M A R I E<\/h1>\n<h1>DELVIGNE<\/h1>\t\t\t\t\t\t<\/div>\n\t\t\t\t<\/div>\n\t\t\t\t\t<\/div>\n\t\t<\/div>\n\t\t\t\t<div class=\"elementor-column elementor-col-50 elementor-inner-column elementor-element elementor-element-65de40f\" data-id=\"65de40f\" data-element_type=\"column\">\n\t\t\t<div class=\"elementor-widget-wrap elementor-element-populated\">\n\t\t\t\t\t\t\t\t<div class=\"elementor-element elementor-element-313ac74a elementor-widget__width-initial elementor-widget elementor-widget-text-editor\" data-id=\"313ac74a\" data-element_type=\"widget\" data-widget_type=\"text-editor.default\">\n\t\t\t\t<div class=\"elementor-widget-container\">\n\t\t\t\t\t\t\t<!-- wp:paragraph -->\n<p>\u00c9crivain et po\u00e8te r\u00e9f\u00e9renc\u00e9e \u00e0 l&rsquo;<a href=\"http:\/\/ecla.aquitaine.fr\/Ecrit-et-livre\/Annuaire-des-professionnels\/Auteurs\/Delvigne-Marie\" target=\"_blank\" rel=\"noreferrer noopener\">ALCA,<\/a> propose des lectures et performances po\u00e9tiques inspir\u00e9es de ses cr\u00e9ations litt\u00e9raires. La po\u00e9tesse a travaill\u00e9 avec l&rsquo;\u00e9crivain <a href=\"https:\/\/fr.wikipedia.org\/wiki\/Raymond_Federman\" target=\"_blank\" rel=\"noreferrer noopener\">Raymond Federman<\/a>, le plasticien <a href=\"http:\/\/www.pyropat.com\/lopenspace\/index.php\" target=\"_blank\" rel=\"noreferrer noopener\">Pyropat<\/a> et le musicien <a href=\"https:\/\/edwinbuger.wixsite.com\/buger\" target=\"_blank\" rel=\"noreferrer noopener\">Edwin Buger<\/a>. Elle anime par ailleurs chaque printemps le festival <a href=\"https:\/\/festivaltheatredesimages.cargo.site\/\"><span style=\"color: #333399;\"><em>Th\u00e9\u00e2tre des Images<\/em><\/span><\/a> \u00e0 Bordeaux.<\/p>\n<!-- \/wp:columns -->\t\t\t\t\t\t<\/div>\n\t\t\t\t<\/div>\n\t\t\t\t\t<\/div>\n\t\t<\/div>\n\t\t\t\t\t\t\t<\/div>\n\t\t<\/section>\n\t\t\t\t<section class=\"elementor-section elementor-inner-section elementor-element elementor-element-b3bb24a elementor-section-boxed elementor-section-height-default elementor-section-height-default\" data-id=\"b3bb24a\" data-element_type=\"section\">\n\t\t\t\t\t\t<div class=\"elementor-container elementor-column-gap-default\">\n\t\t\t\t\t<div class=\"elementor-column elementor-col-50 elementor-inner-column elementor-element elementor-element-1558d8d\" data-id=\"1558d8d\" data-element_type=\"column\">\n\t\t\t<div class=\"elementor-widget-wrap elementor-element-populated\">\n\t\t\t\t\t\t\t\t<div class=\"elementor-element elementor-element-5658126 elementor-widget elementor-widget-image\" data-id=\"5658126\" data-element_type=\"widget\" data-widget_type=\"image.default\">\n\t\t\t\t<div class=\"elementor-widget-container\">\n\t\t\t\t\t\t\t\t\t\t\t\t\t\t\t<img loading=\"lazy\" decoding=\"async\" width=\"200\" height=\"200\" src=\"https:\/\/nouvellestraces.com\/wp-content\/uploads\/2020\/07\/marie-delvigne.jpg\" class=\"attachment-large size-large wp-image-362\" alt=\"\" srcset=\"https:\/\/nouvellestraces.com\/wp-content\/uploads\/2020\/07\/marie-delvigne.jpg 200w, https:\/\/nouvellestraces.com\/wp-content\/uploads\/2020\/07\/marie-delvigne-150x150.jpg 150w, https:\/\/nouvellestraces.com\/wp-content\/uploads\/2020\/07\/marie-delvigne-130x130.jpg 130w, https:\/\/nouvellestraces.com\/wp-content\/uploads\/2020\/07\/marie-delvigne-106x106.jpg 106w\" sizes=\"auto, (max-width: 200px) 100vw, 200px\" \/>\t\t\t\t\t\t\t\t\t\t\t\t\t\t\t<\/div>\n\t\t\t\t<\/div>\n\t\t\t\t<div class=\"elementor-element elementor-element-b7912d3 elementor-widget elementor-widget-text-editor\" data-id=\"b7912d3\" data-element_type=\"widget\" data-widget_type=\"text-editor.default\">\n\t\t\t\t<div class=\"elementor-widget-container\">\n\t\t\t\t\t\t\t<p>Contact : <span style=\"color: #666699;\">mariedelvigne33[at]gmail.com<\/span><\/p>\n<p>Site : <span style=\"text-decoration: underline; color: #666699;\"><a style=\"color: #666699; text-decoration: underline;\" href=\"http:\/\/fourires.blogspot.com\/\">Fourires<\/a><\/span><\/p>\t\t\t\t\t\t<\/div>\n\t\t\t\t<\/div>\n\t\t\t\t\t<\/div>\n\t\t<\/div>\n\t\t\t\t<div class=\"elementor-column elementor-col-50 elementor-inner-column elementor-element elementor-element-ae323cb\" data-id=\"ae323cb\" data-element_type=\"column\">\n\t\t\t<div class=\"elementor-widget-wrap elementor-element-populated\">\n\t\t\t\t\t\t\t\t<div class=\"elementor-element elementor-element-7821c33 elementor-widget elementor-widget-text-editor\" data-id=\"7821c33\" data-element_type=\"widget\" data-widget_type=\"text-editor.default\">\n\t\t\t\t<div class=\"elementor-widget-container\">\n\t\t\t\t\t\t\t<p style=\"font-weight: 400;\">extrait de Zone)s( Internodale)s( aux ED. <br \/>Les Contemporains Favori)s(<br \/>j\u2019enkyste<br \/>telle une hu\u00eetre \u00e0 jus<br \/>brouillard brumes et fatras<br \/>non \u00e9mergence<br \/>pas de bibido en bikini<\/p>\t\t\t\t\t\t<\/div>\n\t\t\t\t<\/div>\n\t\t\t\t\t<\/div>\n\t\t<\/div>\n\t\t\t\t\t\t\t<\/div>\n\t\t<\/section>\n\t\t\t\t\t<\/div>\n\t\t<\/div>\n\t\t\t\t\t\t\t<\/div>\n\t\t<\/section>\n\t\t\t\t\t\t\t<\/div>\n\t\t","protected":false},"excerpt":{"rendered":"<p>M A R I E DELVIGNE \u00c9crivain et po\u00e8te r\u00e9f\u00e9renc\u00e9e \u00e0 l&rsquo;ALCA, propose des lectures et performances po\u00e9tiques inspir\u00e9es de ses cr\u00e9ations litt\u00e9raires. La po\u00e9tesse &hellip; <\/p>\n","protected":false},"author":1,"featured_media":0,"parent":11,"menu_order":1,"comment_status":"closed","ping_status":"closed","template":"","meta":{"footnotes":""},"class_list":["post-360","page","type-page","status-publish","hentry"],"_links":{"self":[{"href":"https:\/\/nouvellestraces.com\/index.php\/wp-json\/wp\/v2\/pages\/360","targetHints":{"allow":["GET"]}}],"collection":[{"href":"https:\/\/nouvellestraces.com\/index.php\/wp-json\/wp\/v2\/pages"}],"about":[{"href":"https:\/\/nouvellestraces.com\/index.php\/wp-json\/wp\/v2\/types\/page"}],"author":[{"embeddable":true,"href":"https:\/\/nouvellestraces.com\/index.php\/wp-json\/wp\/v2\/users\/1"}],"replies":[{"embeddable":true,"href":"https:\/\/nouvellestraces.com\/index.php\/wp-json\/wp\/v2\/comments?post=360"}],"version-history":[{"count":17,"href":"https:\/\/nouvellestraces.com\/index.php\/wp-json\/wp\/v2\/pages\/360\/revisions"}],"predecessor-version":[{"id":20376,"href":"https:\/\/nouvellestraces.com\/index.php\/wp-json\/wp\/v2\/pages\/360\/revisions\/20376"}],"up":[{"embeddable":true,"href":"https:\/\/nouvellestraces.com\/index.php\/wp-json\/wp\/v2\/pages\/11"}],"wp:attachment":[{"href":"https:\/\/nouvellestraces.com\/index.php\/wp-json\/wp\/v2\/media?parent=360"}],"curies":[{"name":"wp","href":"https:\/\/api.w.org\/{rel}","templated":true}]}}