{"id":14446,"date":"2024-02-07T17:20:59","date_gmt":"2024-02-07T16:20:59","guid":{"rendered":"https:\/\/nouvellestraces.com\/?page_id=14446"},"modified":"2026-01-14T12:26:42","modified_gmt":"2026-01-14T11:26:42","slug":"adhesion","status":"publish","type":"page","link":"https:\/\/nouvellestraces.com\/index.php\/adhesion\/","title":{"rendered":"Adh\u00e9sion"},"content":{"rendered":"\n<div class=\"wp-block-columns is-layout-flex wp-container-core-columns-is-layout-9d6595d7 wp-block-columns-is-layout-flex\">\n<div class=\"wp-block-column is-vertically-aligned-center is-layout-flow wp-block-column-is-layout-flow\" style=\"flex-basis:40%\">\n<figure class=\"wp-block-image size-full\"><img loading=\"lazy\" decoding=\"async\" width=\"963\" height=\"567\" src=\"https:\/\/nouvellestraces.com\/wp-content\/uploads\/2024\/03\/Marche-Poesie-Pauty.jpg\" alt=\"\" class=\"wp-image-15061\" srcset=\"https:\/\/nouvellestraces.com\/wp-content\/uploads\/2024\/03\/Marche-Poesie-Pauty.jpg 963w, https:\/\/nouvellestraces.com\/wp-content\/uploads\/2024\/03\/Marche-Poesie-Pauty-300x177.jpg 300w, https:\/\/nouvellestraces.com\/wp-content\/uploads\/2024\/03\/Marche-Poesie-Pauty-768x452.jpg 768w\" sizes=\"auto, (max-width: 963px) 100vw, 963px\" \/><\/figure>\n<\/div>\n\n\n\n<div class=\"wp-block-column is-layout-flow wp-block-column-is-layout-flow\" style=\"flex-basis:10%\"><\/div>\n\n\n\n<div class=\"wp-block-column is-vertically-aligned-center is-layout-flow wp-block-column-is-layout-flow\" style=\"flex-basis:40%\">\n<p style=\"font-size:15px\">L&rsquo;adh\u00e9sion \u00e0 Nouvelles Traces offre l&rsquo;occasion de c\u00f4toyer d&rsquo;autres auteurs, dessinateurs, \u00e9crivains, plasticiens, de participer \u00e0 des projets communs, des expositions, de capter une \u00e9mulation en discutant avec les autres, de d\u00e9couvrir le monde de l&rsquo;\u00e9dition, peut-\u00eatre m\u00eame devenir membre du comit\u00e9 de lecture, de b\u00e9n\u00e9ficier de conseils et de services li\u00e9s \u00e0 l&rsquo;activit\u00e9 artistique, \u00e0 l&rsquo;activit\u00e9 d&rsquo;auteur, et d&rsquo;une mani\u00e8re g\u00e9n\u00e9rale de contribuer \u00e0 l&rsquo;essor de l&rsquo;association.<br><em>(photo : March\u00e9 de la po\u00e9sie 2024 aux Chartrons)<\/em><\/p>\n<\/div>\n<\/div>\n\n\n\n<div class=\"wp-block-columns is-layout-flex wp-container-core-columns-is-layout-9d6595d7 wp-block-columns-is-layout-flex\">\n<div class=\"wp-block-column is-layout-flow wp-block-column-is-layout-flow\" style=\"flex-basis:60%\">\n<p style=\"font-size:15px\">Le bulletin d&rsquo;adh\u00e9sion est disponible ci-apr\u00e8s en PDF, une attestation de cotisation sera envoy\u00e9e \u00e0 l&rsquo;adh\u00e9rent. <\/p>\n<\/div>\n\n\n\n<div class=\"wp-block-column is-vertically-aligned-top is-layout-flow wp-block-column-is-layout-flow\" style=\"flex-basis:40%\">\n<div class=\"wp-block-buttons is-layout-flex wp-block-buttons-is-layout-flex\">\n<div class=\"wp-block-button is-style-outline is-style-outline--1\"><a class=\"wp-block-button__link has-small-font-size has-custom-font-size wp-element-button\" href=\"https:\/\/nouvellestraces.com\/wp-content\/uploads\/2026\/01\/Bulletin-adhesion-A5-portrait-2026.pdf\">T\u00e9l\u00e9charger le bulletin d&rsquo;adh\u00e9sion en PDF<\/a><\/div>\n<\/div>\n<\/div>\n<\/div>\n\n\n\n<div class=\"wp-block-buttons has-custom-font-size has-small-font-size is-horizontal is-content-justification-left is-layout-flex wp-container-core-buttons-is-layout-7e5fce0a wp-block-buttons-is-layout-flex\">\n<div class=\"wp-block-button\"><a class=\"wp-block-button__link has-white-color has-text-color has-link-color wp-element-button\" href=\"https:\/\/www.helloasso.com\/associations\/nouvelles-traces\/adhesions\/membres-de-nouvelles-traces-2026\">Adh\u00e9rer via Hello Asso<\/a><\/div>\n<\/div>\n\n\n\n<div class=\"wp-block-columns is-layout-flex wp-container-core-columns-is-layout-9d6595d7 wp-block-columns-is-layout-flex\">\n<div class=\"wp-block-column is-vertically-aligned-center is-layout-flow wp-block-column-is-layout-flow\" style=\"flex-basis:50%\">\n<p style=\"font-size:15px\">L&rsquo;adh\u00e9rent trouvera aussi en Nouvelles Traces une personne morale support pour ses candidatures aux appels d&rsquo;offre publics, les subventions n&rsquo;\u00e9tant jamais directement vers\u00e9es \u00e0 un individu, et une assistance au montage des dossiers en plus d&rsquo;un service de transaction commerciale aux partenaires du projet. En retour l&rsquo;association retiendra 5 % sur la subvention totale accord\u00e9e, en tant que diffuseur.<\/p>\n<\/div>\n\n\n\n<div class=\"wp-block-column is-layout-flow wp-block-column-is-layout-flow\" style=\"flex-basis:10%\"><\/div>\n\n\n\n<div class=\"wp-block-column is-vertically-aligned-center is-layout-flow wp-block-column-is-layout-flow\" style=\"flex-basis:30%\">\n<figure class=\"wp-block-image size-full\"><img loading=\"lazy\" decoding=\"async\" width=\"493\" height=\"270\" src=\"https:\/\/nouvellestraces.com\/wp-content\/uploads\/2024\/04\/Bridge-NYC.jpg\" alt=\"\" class=\"wp-image-15257\" srcset=\"https:\/\/nouvellestraces.com\/wp-content\/uploads\/2024\/04\/Bridge-NYC.jpg 493w, https:\/\/nouvellestraces.com\/wp-content\/uploads\/2024\/04\/Bridge-NYC-300x164.jpg 300w\" sizes=\"auto, (max-width: 493px) 100vw, 493px\" \/><\/figure>\n<\/div>\n<\/div>\n","protected":false},"excerpt":{"rendered":"<p>L&rsquo;adh\u00e9sion \u00e0 Nouvelles Traces offre l&rsquo;occasion de c\u00f4toyer d&rsquo;autres auteurs, dessinateurs, \u00e9crivains, plasticiens, de participer \u00e0 des projets communs, des expositions, de capter une \u00e9mulation &hellip; <\/p>\n","protected":false},"author":1,"featured_media":0,"parent":0,"menu_order":0,"comment_status":"closed","ping_status":"closed","template":"","meta":{"footnotes":""},"class_list":["post-14446","page","type-page","status-publish","hentry"],"_links":{"self":[{"href":"https:\/\/nouvellestraces.com\/index.php\/wp-json\/wp\/v2\/pages\/14446","targetHints":{"allow":["GET"]}}],"collection":[{"href":"https:\/\/nouvellestraces.com\/index.php\/wp-json\/wp\/v2\/pages"}],"about":[{"href":"https:\/\/nouvellestraces.com\/index.php\/wp-json\/wp\/v2\/types\/page"}],"author":[{"embeddable":true,"href":"https:\/\/nouvellestraces.com\/index.php\/wp-json\/wp\/v2\/users\/1"}],"replies":[{"embeddable":true,"href":"https:\/\/nouvellestraces.com\/index.php\/wp-json\/wp\/v2\/comments?post=14446"}],"version-history":[{"count":20,"href":"https:\/\/nouvellestraces.com\/index.php\/wp-json\/wp\/v2\/pages\/14446\/revisions"}],"predecessor-version":[{"id":21772,"href":"https:\/\/nouvellestraces.com\/index.php\/wp-json\/wp\/v2\/pages\/14446\/revisions\/21772"}],"wp:attachment":[{"href":"https:\/\/nouvellestraces.com\/index.php\/wp-json\/wp\/v2\/media?parent=14446"}],"curies":[{"name":"wp","href":"https:\/\/api.w.org\/{rel}","templated":true}]}}