{"id":13235,"date":"2023-09-22T20:23:19","date_gmt":"2023-09-22T18:23:19","guid":{"rendered":"https:\/\/nouvellestraces.com\/?page_id=13235"},"modified":"2024-09-11T00:47:06","modified_gmt":"2024-09-10T22:47:06","slug":"a-propos","status":"publish","type":"page","link":"https:\/\/nouvellestraces.com\/index.php\/a-propos\/","title":{"rendered":"\u00c0 propos"},"content":{"rendered":"\n<div class=\"wp-block-columns is-layout-flex wp-container-core-columns-is-layout-9d6595d7 wp-block-columns-is-layout-flex\">\n<div class=\"wp-block-column is-vertically-aligned-center is-layout-flow wp-block-column-is-layout-flow\" style=\"flex-basis:40%\"><div class=\"wp-block-image\">\n<figure class=\"aligncenter size-full is-resized\"><img loading=\"lazy\" decoding=\"async\" width=\"900\" height=\"675\" src=\"https:\/\/nouvellestraces.com\/wp-content\/uploads\/2024\/03\/livre-dart-1.jpg\" alt=\"\" class=\"wp-image-15109\" style=\"width:300px\" srcset=\"https:\/\/nouvellestraces.com\/wp-content\/uploads\/2024\/03\/livre-dart-1.jpg 900w, https:\/\/nouvellestraces.com\/wp-content\/uploads\/2024\/03\/livre-dart-1-300x225.jpg 300w, https:\/\/nouvellestraces.com\/wp-content\/uploads\/2024\/03\/livre-dart-1-768x576.jpg 768w\" sizes=\"auto, (max-width: 900px) 100vw, 900px\" \/><\/figure>\n<\/div><\/div>\n\n\n\n<div class=\"wp-block-column is-vertically-aligned-center is-layout-flow wp-block-column-is-layout-flow\" style=\"flex-basis:60%\">\n<p style=\"font-size:15px\">L\u2019association <strong>Nouvelles Traces<\/strong> est n\u00e9e de la volont\u00e9 d\u2019artistes et d\u2019auteurs de prendre une part active et d\u00e9cisive dans la dynamique des projets \u00e9ditoriaux, en recherchant des moyens de mutualisation, d\u2019entraide et d\u2019innovation, sp\u00e9cialement par la mise en synergie de diff\u00e9rents modes de cr\u00e9ation, de financement, de diffusion.<br>Nouvelles Traces aspire dans le m\u00eame temps \u00e0 contribuer \u00e0  l&rsquo;atmosph\u00e8re culturelle bordelaise, en produisant et diffusant des \u00e9v\u00e9nements litt\u00e9raires et artistiques \u00e0 partir de son corpus et ses cr\u00e9ateurs.<\/p>\n<\/div>\n<\/div>\n\n\n\n<div style=\"height:50px\" aria-hidden=\"true\" class=\"wp-block-spacer\"><\/div>\n\n\n\n<pre class=\"wp-block-preformatted has-vivid-red-color has-text-color\" style=\"font-size:24px\">R\u00e9alisation de projets artistiques et \u00e9ditoriaux<\/pre>\n\n\n\n<div class=\"wp-block-columns is-layout-flex wp-container-core-columns-is-layout-9d6595d7 wp-block-columns-is-layout-flex\">\n<div class=\"wp-block-column is-vertically-aligned-center is-layout-flow wp-block-column-is-layout-flow\" style=\"flex-basis:66%\">\n<p style=\"font-size:15px\">Nouvelles Traces propose d\u2019\u00e9laborer avec les artistes et auteurs des projets adapt\u00e9s aux contraintes de diffusion et \u00e0 la coh\u00e9rence de choix \u00e9ditoriaux. Il peut s\u2019agir :<br> <br> &#8211; D\u2019aider l\u2019artiste-auteur \u00e0 se promouvoir dans le but de contractualiser avec les partenaires d\u2019\u00e9dition adapt\u00e9s \u00e0 son projet, sans se limiter aux activit\u00e9s de Nouvelles Traces. <br> &#8211; D\u2019aider \u00e0 choisir des modes d\u2019\u00e9dition et diffusion autonomes ; avec des formes de soutien que Nouvelles Traces peut apporter. <br> &#8211; De d\u00e9velopper avec Nouvelles Traces l\u2019ensemble du projet \u00e9ditorial.<br><br>Par ailleurs Nouvelles Traces assure des assistances r\u00e9dactionnelles, aide \u00e0 planifier et finaliser une mise en forme r\u00e9dig\u00e9e, pr\u00e9-\u00e9ditable et, dans certains cas, pr\u00e9-imprimable.<\/p>\n<\/div>\n\n\n\n<div class=\"wp-block-column is-layout-flow wp-block-column-is-layout-flow\" style=\"flex-basis:33%\"><div class=\"wp-block-image\">\n<figure class=\"aligncenter size-full\"><img loading=\"lazy\" decoding=\"async\" width=\"816\" height=\"1228\" src=\"https:\/\/nouvellestraces.com\/wp-content\/uploads\/2024\/09\/Fun-2.png\" alt=\"\" class=\"wp-image-16458\" srcset=\"https:\/\/nouvellestraces.com\/wp-content\/uploads\/2024\/09\/Fun-2.png 816w, https:\/\/nouvellestraces.com\/wp-content\/uploads\/2024\/09\/Fun-2-199x300.png 199w, https:\/\/nouvellestraces.com\/wp-content\/uploads\/2024\/09\/Fun-2-680x1024.png 680w, https:\/\/nouvellestraces.com\/wp-content\/uploads\/2024\/09\/Fun-2-768x1156.png 768w\" sizes=\"auto, (max-width: 816px) 100vw, 816px\" \/><\/figure>\n<\/div><\/div>\n<\/div>\n\n\n\n<div style=\"height:50px\" aria-hidden=\"true\" class=\"wp-block-spacer\"><\/div>\n\n\n\n<pre class=\"wp-block-preformatted has-vivid-red-color has-text-color\" style=\"font-size:24px\">\u00c9v\u00e9nements culturels<\/pre>\n\n\n\n<div class=\"wp-block-columns is-layout-flex wp-container-core-columns-is-layout-9d6595d7 wp-block-columns-is-layout-flex\">\n<div class=\"wp-block-column is-layout-flow wp-block-column-is-layout-flow\" style=\"flex-basis:70%\">\n<p style=\"font-size:15px\">En appui de ses efforts de diffusion Nouvelles Traces s\u2019implique dans l\u2019organisation ou l\u2019animation d\u2019expositions, d\u2019ateliers, de s\u00e9ances de lectures, et fait office d&rsquo;interface contractuelle entre un artiste et un organisme public. Nouvelles traces promeut en outre diff\u00e9rentes formes de performances et d\u2019activit\u00e9s paralitt\u00e9raires.<\/p>\n\n\n\n<p style=\"font-size:15px\">Le principe d&rsquo;une lecture publique accompagn\u00e9e d&rsquo;interludes musicaux (piano) a \u00e9t\u00e9 exp\u00e9riment\u00e9 avec succ\u00e8s en 2022, au sein d&rsquo;un garage \u00e0 vocation culturelle du quartier de Bordeaux Bastide. <\/p>\n\n\n\n<p class=\"has-text-align-center\" style=\"font-size:15px\">&lt; <a href=\"https:\/\/nouvellestraces.com\/index.php\/projets-culturels#garagelitt\u00e9raire1\" data-type=\"page\" data-id=\"14378\">ExploreR<\/a> &gt;<\/p>\n<\/div>\n\n\n\n<div class=\"wp-block-column is-layout-flow wp-block-column-is-layout-flow\" style=\"flex-basis:30%\"><div class=\"wp-block-image\">\n<figure class=\"aligncenter size-full is-resized\"><img loading=\"lazy\" decoding=\"async\" width=\"354\" height=\"499\" src=\"https:\/\/nouvellestraces.com\/wp-content\/uploads\/2023\/10\/Garage-litteraire-1.png\" alt=\"\" class=\"wp-image-13480\" style=\"width:215px;height:303px\" srcset=\"https:\/\/nouvellestraces.com\/wp-content\/uploads\/2023\/10\/Garage-litteraire-1.png 354w, https:\/\/nouvellestraces.com\/wp-content\/uploads\/2023\/10\/Garage-litteraire-1-213x300.png 213w\" sizes=\"auto, (max-width: 354px) 100vw, 354px\" \/><\/figure>\n<\/div><\/div>\n<\/div>\n","protected":false},"excerpt":{"rendered":"<p>L\u2019association Nouvelles Traces est n\u00e9e de la volont\u00e9 d\u2019artistes et d\u2019auteurs de prendre une part active et d\u00e9cisive dans la dynamique des projets \u00e9ditoriaux, en &hellip; <\/p>\n","protected":false},"author":1,"featured_media":0,"parent":0,"menu_order":0,"comment_status":"closed","ping_status":"closed","template":"","meta":{"footnotes":""},"class_list":["post-13235","page","type-page","status-publish","hentry"],"_links":{"self":[{"href":"https:\/\/nouvellestraces.com\/index.php\/wp-json\/wp\/v2\/pages\/13235","targetHints":{"allow":["GET"]}}],"collection":[{"href":"https:\/\/nouvellestraces.com\/index.php\/wp-json\/wp\/v2\/pages"}],"about":[{"href":"https:\/\/nouvellestraces.com\/index.php\/wp-json\/wp\/v2\/types\/page"}],"author":[{"embeddable":true,"href":"https:\/\/nouvellestraces.com\/index.php\/wp-json\/wp\/v2\/users\/1"}],"replies":[{"embeddable":true,"href":"https:\/\/nouvellestraces.com\/index.php\/wp-json\/wp\/v2\/comments?post=13235"}],"version-history":[{"count":21,"href":"https:\/\/nouvellestraces.com\/index.php\/wp-json\/wp\/v2\/pages\/13235\/revisions"}],"predecessor-version":[{"id":16459,"href":"https:\/\/nouvellestraces.com\/index.php\/wp-json\/wp\/v2\/pages\/13235\/revisions\/16459"}],"wp:attachment":[{"href":"https:\/\/nouvellestraces.com\/index.php\/wp-json\/wp\/v2\/media?parent=13235"}],"curies":[{"name":"wp","href":"https:\/\/api.w.org\/{rel}","templated":true}]}}